{"id":213,"date":"2025-02-24T14:21:05","date_gmt":"2025-02-24T13:21:05","guid":{"rendered":"https:\/\/www.alshmussidan.com\/?page_id=213"},"modified":"2025-02-24T14:21:05","modified_gmt":"2025-02-24T13:21:05","slug":"mentions-legales","status":"publish","type":"page","link":"https:\/\/www.alshmussidan.com\/index.php\/mentions-legales\/","title":{"rendered":"Mentions l\u00e9gales"},"content":{"rendered":"\n<h4 class=\"wp-block-heading\">1. <strong>\u00c9diteur du site<\/strong><\/h4>\n\n\n\n<p>Le site alshmussidan.co est \u00e9dit\u00e9 par :<\/p>\n\n\n\n<ul class=\"wp-block-list\">\n<li><strong>Nom de l\u2019\u00e9diteur <\/strong>: Alsh du mussidanais<\/li>\n\n\n\n<li><strong>Forme juridique<\/strong> : Association<\/li>\n\n\n\n<li><strong>Si\u00e8ge social<\/strong> : 13 rue Aristide Briand 24400 MUSSIDAN<\/li>\n\n\n\n<li><strong>Num\u00e9ro SIRET<\/strong> : 47815108700028<\/li>\n\n\n\n<li><strong>Directeur de publication<\/strong> : Johan Lafon<\/li>\n\n\n\n<li><strong>Contact<\/strong> : accueil@alshmussidan.com<\/li>\n<\/ul>\n\n\n\n<h4 class=\"wp-block-heading\">2. <strong>H\u00e9bergement<\/strong><\/h4>\n\n\n\n<p>Le site est h\u00e9berg\u00e9 par :<\/p>\n\n\n\n<ul class=\"wp-block-list\">\n<li><strong>Nom de l\u2019h\u00e9bergeur<\/strong> : OVH<\/li>\n\n\n\n<li><strong>Adresse de l\u2019h\u00e9bergeur<\/strong> : 2 rue Kellermann, 59100 Roubaix, France<\/li>\n\n\n\n<li><strong>Contact de l\u2019h\u00e9bergeur<\/strong> : www.ovh.com<\/li>\n<\/ul>\n\n\n\n<h4 class=\"wp-block-heading\">3. <strong>Propri\u00e9t\u00e9 intellectuelle<\/strong><\/h4>\n\n\n\n<p>L\u2019ensemble du contenu du site alshmussidan.com (textes, images, vid\u00e9os, graphismes, logo, ic\u00f4nes, etc.) est prot\u00e9g\u00e9 par le droit d\u2019auteur et la propri\u00e9t\u00e9 intellectuelle. Toute reproduction, repr\u00e9sentation, modification ou exploitation partielle ou totale de ces \u00e9l\u00e9ments est interdite sans autorisation pr\u00e9alable.<\/p>\n\n\n\n<h4 class=\"wp-block-heading\">4. <strong>Collecte des donn\u00e9es personnelles<\/strong><\/h4>\n\n\n\n<p>Le site peut collecter des donn\u00e9es personnelles via :<\/p>\n\n\n\n<ul class=\"wp-block-list\">\n<li>Des formulaires de contact<\/li>\n\n\n\n<li>Des cookies et outils analytiques<\/li>\n<\/ul>\n\n\n\n<p>Conform\u00e9ment au <strong>R\u00e8glement G\u00e9n\u00e9ral sur la Protection des Donn\u00e9es (RGPD)<\/strong> et \u00e0 la loi <strong>Informatique et Libert\u00e9s<\/strong>, vous disposez d\u2019un droit d\u2019acc\u00e8s, de rectification et de suppression de vos donn\u00e9es personnelles. Pour exercer ces droits, contactez nous \u00e0 : accueil@alshmussidan.com<\/p>\n\n\n\n<p>Pour plus d\u2019informations, consultez notre <strong>Politique de confidentialit\u00e9<\/strong>.<\/p>\n\n\n\n<h4 class=\"wp-block-heading\">5. <strong>Cookies<\/strong><\/h4>\n\n\n\n<p>Le site utilise des cookies pour am\u00e9liorer l\u2019exp\u00e9rience utilisateur et mesurer l\u2019audience. Lors de votre premi\u00e8re visite, vous avez la possibilit\u00e9 d\u2019accepter ou de refuser ces cookies via une banni\u00e8re d\u00e9di\u00e9e.<\/p>\n\n\n\n<p>Vous pouvez \u00e0 tout moment modifier vos pr\u00e9f\u00e9rences via les param\u00e8tres de votre navigateur ou consulter notre <strong>Politique de cookies<\/strong> pour plus de d\u00e9tails.<\/p>\n\n\n\n<h4 class=\"wp-block-heading\">6. <strong>Responsabilit\u00e9<\/strong><\/h4>\n\n\n\n<p>L\u2019\u00e9diteur du site s\u2019efforce de fournir des informations pr\u00e9cises et mises \u00e0 jour. Toutefois, il ne peut \u00eatre tenu responsable d\u2019\u00e9ventuelles erreurs, omissions ou indisponibilit\u00e9s du site.<\/p>\n\n\n\n<h4 class=\"wp-block-heading\">7. <strong>Droit applicable<\/strong><\/h4>\n\n\n\n<p>Les pr\u00e9sentes mentions l\u00e9gales sont r\u00e9gies par le droit fran\u00e7ais. En cas de litige, les tribunaux comp\u00e9tents seront ceux de P\u00e9rigueux.<\/p>\n\n\n\n<p><\/p>\n","protected":false},"excerpt":{"rendered":"<p>1. \u00c9diteur du site Le site alshmussidan.co est \u00e9dit\u00e9 par : 2. H\u00e9bergement Le site est h\u00e9berg\u00e9 par : 3. Propri\u00e9t\u00e9 intellectuelle L\u2019ensemble du contenu du site alshmussidan.com (textes, images, vid\u00e9os, graphismes, logo, ic\u00f4nes, etc.) est prot\u00e9g\u00e9 par le droit d\u2019auteur et la propri\u00e9t\u00e9 intellectuelle. Toute reproduction, repr\u00e9sentation, modification ou exploitation partielle ou totale de ces \u00e9l\u00e9ments est interdite sans autorisation pr\u00e9alable. 4. Collecte des donn\u00e9es personnelles Le site peut collecter des donn\u00e9es personnelles via : Conform\u00e9ment au R\u00e8glement G\u00e9n\u00e9ral sur la Protection des Donn\u00e9es (RGPD) et \u00e0 la loi Informatique et Libert\u00e9s, vous disposez d\u2019un droit d\u2019acc\u00e8s, de rectification et de suppression de vos donn\u00e9es personnelles. Pour exercer ces droits, contactez nous \u00e0 : accueil@alshmussidan.com Pour plus d\u2019informations, consultez notre Politique de confidentialit\u00e9. 5. Cookies Le site utilise des cookies pour am\u00e9liorer l\u2019exp\u00e9rience utilisateur et mesurer l\u2019audience. Lors de votre premi\u00e8re visite, vous avez la possibilit\u00e9 d\u2019accepter ou de refuser ces cookies via une banni\u00e8re d\u00e9di\u00e9e. Vous pouvez \u00e0 tout moment modifier vos pr\u00e9f\u00e9rences via les param\u00e8tres de votre navigateur ou consulter notre Politique de cookies pour plus de d\u00e9tails. 6. Responsabilit\u00e9 L\u2019\u00e9diteur du site s\u2019efforce de fournir des informations pr\u00e9cises et mises \u00e0 jour. Toutefois, il ne peut \u00eatre tenu responsable d\u2019\u00e9ventuelles erreurs, omissions ou indisponibilit\u00e9s du site. 7. Droit applicable Les pr\u00e9sentes mentions l\u00e9gales sont r\u00e9gies par le droit fran\u00e7ais. En cas de litige, les tribunaux comp\u00e9tents seront ceux de P\u00e9rigueux.<\/p>\n","protected":false},"author":1,"featured_media":0,"parent":0,"menu_order":0,"comment_status":"closed","ping_status":"closed","template":"","meta":{"site-sidebar-layout":"default","site-content-layout":"","ast-site-content-layout":"","site-content-style":"default","site-sidebar-style":"default","ast-global-header-display":"","ast-banner-title-visibility":"","ast-main-header-display":"","ast-hfb-above-header-display":"","ast-hfb-below-header-display":"","ast-hfb-mobile-header-display":"","site-post-title":"","ast-breadcrumbs-content":"","ast-featured-img":"","footer-sml-layout":"","theme-transparent-header-meta":"","adv-header-id-meta":"","stick-header-meta":"","header-above-stick-meta":"","header-main-stick-meta":"","header-below-stick-meta":"","astra-migrate-meta-layouts":"default","ast-page-background-enabled":"default","ast-page-background-meta":{"desktop":{"background-color":"var(--ast-global-color-5)","background-image":"","background-repeat":"repeat","background-position":"center center","background-size":"auto","background-attachment":"scroll","background-type":"","background-media":"","overlay-type":"","overlay-color":"","overlay-opacity":"","overlay-gradient":""},"tablet":{"background-color":"","background-image":"","background-repeat":"repeat","background-position":"center center","background-size":"auto","background-attachment":"scroll","background-type":"","background-media":"","overlay-type":"","overlay-color":"","overlay-opacity":"","overlay-gradient":""},"mobile":{"background-color":"","background-image":"","background-repeat":"repeat","background-position":"center center","background-size":"auto","background-attachment":"scroll","background-type":"","background-media":"","overlay-type":"","overlay-color":"","overlay-opacity":"","overlay-gradient":""}},"ast-content-background-meta":{"desktop":{"background-color":"var(--ast-global-color-4)","background-image":"","background-repeat":"repeat","background-position":"center center","background-size":"auto","background-attachment":"scroll","background-type":"","background-media":"","overlay-type":"","overlay-color":"","overlay-opacity":"","overlay-gradient":""},"tablet":{"background-color":"var(--ast-global-color-4)","background-image":"","background-repeat":"repeat","background-position":"center center","background-size":"auto","background-attachment":"scroll","background-type":"","background-media":"","overlay-type":"","overlay-color":"","overlay-opacity":"","overlay-gradient":""},"mobile":{"background-color":"var(--ast-global-color-4)","background-image":"","background-repeat":"repeat","background-position":"center center","background-size":"auto","background-attachment":"scroll","background-type":"","background-media":"","overlay-type":"","overlay-color":"","overlay-opacity":"","overlay-gradient":""}},"footnotes":""},"class_list":["post-213","page","type-page","status-publish","hentry"],"_links":{"self":[{"href":"https:\/\/www.alshmussidan.com\/index.php\/wp-json\/wp\/v2\/pages\/213","targetHints":{"allow":["GET"]}}],"collection":[{"href":"https:\/\/www.alshmussidan.com\/index.php\/wp-json\/wp\/v2\/pages"}],"about":[{"href":"https:\/\/www.alshmussidan.com\/index.php\/wp-json\/wp\/v2\/types\/page"}],"author":[{"embeddable":true,"href":"https:\/\/www.alshmussidan.com\/index.php\/wp-json\/wp\/v2\/users\/1"}],"replies":[{"embeddable":true,"href":"https:\/\/www.alshmussidan.com\/index.php\/wp-json\/wp\/v2\/comments?post=213"}],"version-history":[{"count":1,"href":"https:\/\/www.alshmussidan.com\/index.php\/wp-json\/wp\/v2\/pages\/213\/revisions"}],"predecessor-version":[{"id":214,"href":"https:\/\/www.alshmussidan.com\/index.php\/wp-json\/wp\/v2\/pages\/213\/revisions\/214"}],"wp:attachment":[{"href":"https:\/\/www.alshmussidan.com\/index.php\/wp-json\/wp\/v2\/media?parent=213"}],"curies":[{"name":"wp","href":"https:\/\/api.w.org\/{rel}","templated":true}]}}